{"id":12,"date":"2024-01-29T16:48:06","date_gmt":"2024-01-29T16:48:06","guid":{"rendered":"https:\/\/demo.creativethemes.com\/blocksy\/smile-dent\/?page_id=12"},"modified":"2025-10-13T22:14:03","modified_gmt":"2025-10-13T19:14:03","slug":"about-us","status":"publish","type":"page","link":"https:\/\/medumedicallc.com.tr\/?page_id=12","title":{"rendered":"HAKKIMIZDA"},"content":{"rendered":"\n<div class=\"wp-block-greenshift-blocks-row gspb_row gspb_row-id-gsbp-90dd5fd gspb_row--gutter-custom-0\" id=\"gspb_row-id-gsbp-90dd5fd\"><div class=\"gspb_row__content\"> \n<div class=\"wp-block-greenshift-blocks-row-column gspb_row__col--6 gspb_row__col--md-12 gspb_col-id-gsbp-d560c25\" id=\"gspb_col-id-gsbp-d560c25\">\n<h2 id=\"gspb_heading-id-gsbp-2ffee04\" class=\"gspb_heading gspb_heading-id-gsbp-2ffee04 \">MEDU MEDICAL OLARAK;<\/h2>\n\n\n\n<div id=\"gspb_text-id-gsbp-e310166\" class=\"gspb_text gspb_text-id-gsbp-e310166 \">Kuruldu\u011fu ilk g\u00fcnden bug\u00fcne hizmet kalitesini daima ilk s\u0131rada tutan ve m\u00fc\u015fterilerine do\u011fru \u00fcr\u00fcn\u00fc zaman\u0131nda ve uygun fiyatla sunan ve ilkelerinden asla taviz vermeyen firma olarak hedeflerine ilerleyecektir.<\/div>\n<\/div>\n\n\n\n<div class=\"wp-block-greenshift-blocks-row-column gspb_row__col--6 gspb_row__col--md-12 gspb_col-id-gsbp-2affbd5\" id=\"gspb_col-id-gsbp-2affbd5\">\n<div class=\"wp-block-greenshift-blocks-image gspb_image gspb_image-id-gsbp-960d7e1\" id=\"gspb_image-id-gsbp-960d7e1\"><img decoding=\"async\" src=\"https:\/\/medumedicallc.com.tr\/wp-content\/uploads\/2024\/02\/about-us-page-hero-image.webp\" data-src=\"\" alt=\"\" loading=\"lazy\" width=\"1122\" height=\"796\"\/><\/div>\n<\/div>\n <\/div><\/div>\n\n\n\n<div class=\"wp-block-greenshift-blocks-row gspb_row gspb_row-id-gsbp-44398d9 gspb_row--gutter-custom-0\" id=\"gspb_row-id-gsbp-44398d9\"><div class=\"gspb_row__content\"> \n<div class=\"wp-block-greenshift-blocks-row-column gspb_row__col--6 gspb_row__col--md-12 gspb_col-id-gsbp-6f07b8a\" id=\"gspb_col-id-gsbp-6f07b8a\">\n<div class=\"wp-block-greenshift-blocks-image gspb_image gspb_image-id-gsbp-2120874\" id=\"gspb_image-id-gsbp-2120874\"><img decoding=\"async\" src=\"https:\/\/medumedicallc.com.tr\/wp-content\/uploads\/2024\/02\/ana_6.webp\" data-src=\"\" alt=\"\" loading=\"lazy\" width=\"436\"\/><\/div>\n<\/div>\n\n\n\n<div class=\"wp-block-greenshift-blocks-row-column gspb_row__col--6 gspb_row__col--md-12 gspb_col-id-gsbp-bff518b\" id=\"gspb_col-id-gsbp-bff518b\">\n<h2 id=\"gspb_heading-id-gsbp-4cdc2ea\" class=\"gspb_heading gspb_heading-id-gsbp-4cdc2ea \">Vizyonumuz;<\/h2>\n\n\n\n<div id=\"gspb_text-id-gsbp-fb31242\" class=\"gspb_text gspb_text-id-gsbp-fb31242 \">Ulusal ve uluslararas\u0131 standartlar\u0131 ve yasal mevzuatlar\u0131 dikkate alarak m\u00fc\u015fterilerimizin ihtiya\u00e7lar\u0131na ve gelecekteki beklentilerine uygun \u00fcr\u00fcn ve hizmeti d\u00fcnyan\u0131n her b\u00f6lgesine h\u0131zl\u0131 ve kaliteli bir \u015fekilde ula\u015ft\u0131rmakt\u0131r. Firmam\u0131z bu amac\u0131na, sundu\u011fu hizmet ile kurdu\u011fu sistemde s\u00fcrekli iyile\u015fme ve geli\u015fme felsefesini benimseyerek memnuniyetinde en \u00fcst seviyeye ula\u015faca\u011f\u0131n\u0131n bilincindedir.<\/div>\n<\/div>\n <\/div><\/div>\n\n\n\n<div class=\"wp-block-greenshift-blocks-container alignfull gspb_container gspb_container-gsbp-318027b\" id=\"gspb_container-id-gsbp-318027b\"><\/div>\n\n\n\n<div class=\"wp-block-greenshift-blocks-row gspb_row gspb_row-id-gsbp-2a7449a\" id=\"gspb_row-id-gsbp-2a7449a\"><div class=\"gspb_row__content\"> \n<div class=\"wp-block-greenshift-blocks-row-column gspb_row__col--6 gspb_col-id-gsbp-ed5bdbe\" id=\"gspb_col-id-gsbp-ed5bdbe\">\n<h2 id=\"gspb_heading-id-gsbp-6ac7b53\" class=\"gspb_heading gspb_heading-id-gsbp-6ac7b53 \">Misyonumuz;<\/h2>\n\n\n\n<div id=\"gspb_text-id-gsbp-86d4aaa\" class=\"gspb_text gspb_text-id-gsbp-86d4aaa \">D\u00fc\u015f\u00fcnd\u00fc\u011f\u00fcm\u00fcz, s\u00f6yledi\u011fimiz ve yapt\u0131klar\u0131m\u0131z aras\u0131nda tutarl\u0131l\u0131k ve uyuma \u00f6zen g\u00f6sterir, etik bir i\u015f birli\u011fine \u00f6nem veririz.<\/div>\n\n\n\n<h2 id=\"gspb_heading-id-gsbp-14ea269\" class=\"gspb_heading gspb_heading-id-gsbp-14ea269 \">Hedefimiz;<\/h2>\n\n\n\n<div id=\"gspb_text-id-gsbp-2c4bda6\" class=\"gspb_text gspb_text-id-gsbp-2c4bda6 \">Kalitenin s\u00fcreklili\u011fini sa\u011flamak, m\u00fc\u015fteri memnuniyetini zirvede tutmakt\u0131r.<br><br>Bug\u00fcn oldu\u011fu gibi gelecekte de yapaca\u011f\u0131m\u0131z t\u00fcm i\u015flerde garanti vererek, bundan sonraki faaliyet hayat\u0131nda da edinmi\u015f oldu\u011fu g\u00fcvenilir ve istikrarl\u0131 yap\u0131s\u0131ndan taviz vermeden kal\u0131c\u0131 hizmetler \u00fcretmeye devam edecektir.<\/div>\n<\/div>\n\n\n\n<div class=\"wp-block-greenshift-blocks-row-column gspb_row__col--6 gspb_col-id-gsbp-9fe46fe\" id=\"gspb_col-id-gsbp-9fe46fe\">\n<figure class=\"wp-block-image size-full is-resized has-custom-border\"><img loading=\"lazy\" decoding=\"async\" width=\"379\" height=\"218\" src=\"https:\/\/medumedicallc.com.tr\/wp-content\/uploads\/2024\/02\/ana_9-2.webp\" alt=\"\" class=\"wp-image-600\" style=\"border-radius:30px;width:565px;height:auto\" srcset=\"https:\/\/medumedicallc.com.tr\/wp-content\/uploads\/2024\/02\/ana_9-2.webp 379w, https:\/\/medumedicallc.com.tr\/wp-content\/uploads\/2024\/02\/ana_9-2-300x173.webp 300w\" sizes=\"auto, (max-width: 379px) 100vw, 379px\" \/><\/figure>\n<\/div>\n <\/div><\/div>\n","protected":false},"excerpt":{"rendered":"","protected":false},"author":2,"featured_media":0,"parent":0,"menu_order":0,"comment_status":"closed","ping_status":"closed","template":"","meta":{"_gspb_post_css":"#gspb_row-id-gsbp-90dd5fd{justify-content:space-between;margin-top:0;display:flex;flex-wrap:wrap;margin-bottom:120px;padding:0 80px}#gspb_row-id-gsbp-90dd5fd>.gspb_row__content{display:flex;justify-content:space-between;margin:0 auto;width:100%;flex-wrap:wrap}div[id^=gspb_col-id]{box-sizing:border-box;position:relative;padding:var(--gs-row-column-padding, 15px min(3vw, 20px))}@media (max-width:991.98px){#gspb_row-id-gsbp-90dd5fd>.gspb_row__content{row-gap:30px}}body.gspb-bodyfront #gspb_row-id-gsbp-90dd5fd>.gspb_row__content{width:var(--theme-container-width, 1200px);max-width:var(--theme-normal-container-max-width, 1200px)}@media (max-width:991.98px){#gspb_row-id-gsbp-90dd5fd{margin-bottom:80px;padding-right:50px;padding-left:50px}}@media (max-width:575.98px){#gspb_row-id-gsbp-90dd5fd{margin-bottom:60px;padding-right:35px;padding-left:35px}}#gspb_row-id-gsbp-90dd5fd{background-color:var(--wp--preset--color--palette-color-7, var(--theme-palette-color-7, #F7FAFD))}#gspb_row-id-gsbp-90dd5fd,#gspb_row-id-gsbp-90dd5fd>.gspb_backgroundOverlay{border-top-left-radius:40px;border-top-right-radius:40px;border-bottom-right-radius:40px;border-bottom-left-radius:40px}#gspb_col-id-gsbp-d560c25.gspb_row__col--6{width:calc(50% - 25px)}@media (max-width:991.98px){#gspb_col-id-gsbp-d560c25.gspb_row__col--6{width:100%}}@media (max-width:767.98px){#gspb_col-id-gsbp-d560c25.gspb_row__col--6{width:calc(100% - 25px)}}@media (max-width:575.98px){#gspb_col-id-gsbp-d560c25.gspb_row__col--6{width:100%}}@media (min-width:992px){body.gspb-bodyfront #gspb_col-id-gsbp-d560c25.gspb_row__col--6{width:calc(45% - 0px - 25px)}}.gspb_row #gspb_col-id-gsbp-d560c25.gspb_row__col--6{padding:50px 0}@media (max-width:991.98px){.gspb_row #gspb_col-id-gsbp-d560c25.gspb_row__col--6{padding-bottom:0}}body #gspb_col-id-gsbp-d560c25.gspb_row__col--6{display:flex;flex-direction:column;justify-content:center}@media (max-width:991.98px){body #gspb_col-id-gsbp-d560c25.gspb_row__col--6{align-items:center}}#gspb_heading-id-gsbp-2ffee04{font-size:50px}@media (max-width:991.98px){#gspb_heading-id-gsbp-2ffee04{font-size:35px}}@media (max-width:575.98px){#gspb_heading-id-gsbp-2ffee04{font-size:30px}}@media (max-width:991.98px){#gspb_heading-id-gsbp-2ffee04,#gspb_heading-id-gsbp-2ffee04 .gsap-g-line{text-align:center!important}}#gspb_heading-id-gsbp-2ffee04{font-weight:800!important;margin-top:0;margin-bottom:10px}@media (max-width:991.98px){.gspb_text-id-gsbp-e310166,.gspb_text-id-gsbp-e310166 .gsap-g-line{text-align:center!important}}.gspb_text-id-gsbp-e310166{margin-bottom:40px!important}#gspb_col-id-gsbp-2affbd5.gspb_row__col--6{width:calc(50% - 25px)}@media (max-width:991.98px){#gspb_col-id-gsbp-2affbd5.gspb_row__col--6{width:100%}}@media (max-width:767.98px){#gspb_col-id-gsbp-2affbd5.gspb_row__col--6{width:calc(100% - 25px)}}@media (max-width:575.98px){#gspb_col-id-gsbp-2affbd5.gspb_row__col--6{width:100%}}@media (min-width:992px){body.gspb-bodyfront #gspb_col-id-gsbp-2affbd5.gspb_row__col--6{width:calc(55% - 0px - 25px)}}.gspb_row #gspb_col-id-gsbp-2affbd5.gspb_row__col--6,.gspb_row #gspb_col-id-gsbp-6f07b8a.gspb_row__col--6,.gspb_row #gspb_col-id-gsbp-bff518b.gspb_row__col--6{padding:0}body #gspb_col-id-gsbp-2affbd5.gspb_row__col--6{display:flex;flex-direction:column;justify-content:flex-end}#gspb_image-id-gsbp-960d7e1 img{vertical-align:top;display:inline-block;box-sizing:border-box;max-width:100%;height:auto}#gspb_image-id-gsbp-960d7e1{padding-top:30px}#gspb_row-id-gsbp-44398d9{justify-content:space-between;margin-top:0;display:flex;flex-wrap:wrap;margin-bottom:120px}#gspb_row-id-gsbp-44398d9>.gspb_row__content{display:flex;justify-content:space-between;margin:0 auto;width:100%;flex-wrap:wrap}@media (max-width:991.98px){#gspb_row-id-gsbp-44398d9>.gspb_row__content{row-gap:40px}}body.gspb-bodyfront #gspb_row-id-gsbp-44398d9>.gspb_row__content{width:var(--theme-container-width, 1200px);max-width:var(--theme-normal-container-max-width, 1200px)}@media (max-width:991.98px){#gspb_row-id-gsbp-44398d9{margin-bottom:80px}}@media (max-width:575.98px){#gspb_row-id-gsbp-44398d9{margin-bottom:60px}}#gspb_col-id-gsbp-6f07b8a.gspb_row__col--6{width:calc(50% - 50px)}@media (max-width:991.98px){#gspb_col-id-gsbp-6f07b8a.gspb_row__col--6{width:100%}}@media (max-width:767.98px){#gspb_col-id-gsbp-6f07b8a.gspb_row__col--6{width:calc(100% - 50px)}}@media (max-width:575.98px){#gspb_col-id-gsbp-6f07b8a.gspb_row__col--6{width:100%}}@media (max-width:991.98px){#gspb_image-id-gsbp-2120874 img{object-fit:cover;object-position:51% 16%}}#gspb_image-id-gsbp-2120874 img{vertical-align:top;display:inline-block;box-sizing:border-box;max-width:100%;border-top-left-radius:40px;border-top-right-radius:40px;border-bottom-right-radius:40px;border-bottom-left-radius:40px;width:436px}body.gspb-bodyfront #gspb_image-id-gsbp-2120874{position:relative;z-index:1}@media (max-width:991.98px){#gspb_image-id-gsbp-2120874 img{width:100%}}#gspb_image-id-gsbp-2120874,#gspb_image-id-gsbp-2120874 img{height:custom}@media (max-width:991.98px){#gspb_image-id-gsbp-2120874,#gspb_image-id-gsbp-2120874 img{height:400px}}#gspb_col-id-gsbp-bff518b.gspb_row__col--6{width:calc(50% - 50px)}@media (max-width:991.98px){#gspb_col-id-gsbp-bff518b.gspb_row__col--6{width:100%}}@media (max-width:767.98px){#gspb_col-id-gsbp-bff518b.gspb_row__col--6{width:calc(100% - 50px)}}@media (max-width:575.98px){#gspb_col-id-gsbp-bff518b.gspb_row__col--6{width:100%}}body #gspb_col-id-gsbp-bff518b.gspb_row__col--6{display:flex;flex-direction:column;justify-content:center}@media (max-width:991.98px){#gspb_heading-id-gsbp-4cdc2ea{font-size:30px}}@media (max-width:575.98px){#gspb_heading-id-gsbp-4cdc2ea{font-size:25px}}@media (max-width:991.98px){#gspb_heading-id-gsbp-4cdc2ea,#gspb_heading-id-gsbp-4cdc2ea .gsap-g-line{text-align:center!important}}#gspb_heading-id-gsbp-4cdc2ea{margin-top:0;margin-bottom:10px}@media (max-width:991.98px){.gspb_text-id-gsbp-fb31242,.gspb_text-id-gsbp-fb31242 .gsap-g-line{text-align:center!important}}.gspb_text-id-gsbp-fb31242{margin-bottom:30px!important}.gspb_container-id-gsbp-318027b{flex-direction:column;box-sizing:border-box}#gspb_container-id-gsbp-318027b.gspb_container>p:last-of-type{margin-bottom:0}#gspb_container-id-gsbp-318027b.gspb_container{position:relative;background-color:var(--wp--preset--color--palette-color-7, var(--theme-palette-color-7, #F7FAFD));height:115px}#gspb_row-id-gsbp-2a7449a{justify-content:space-between;margin-top:0;margin-bottom:0;display:flex;flex-wrap:wrap}#gspb_row-id-gsbp-2a7449a>.gspb_row__content{display:flex;justify-content:space-between;margin:0 auto;width:100%;flex-wrap:wrap}.gspb_row{position:relative}body.gspb-bodyfront #gspb_row-id-gsbp-2a7449a>.gspb_row__content{width:var(--theme-container-width, 1200px);max-width:var(--theme-normal-container-max-width, 1200px)}#gspb_col-id-gsbp-ed5bdbe.gspb_row__col--6{width:50%}@media (max-width:575.98px){#gspb_col-id-gsbp-ed5bdbe.gspb_row__col--6{width:100%}}@media (max-width:991.98px){#gspb_heading-id-gsbp-6ac7b53{font-size:30px}}@media (max-width:575.98px){#gspb_heading-id-gsbp-6ac7b53{font-size:25px}}@media (max-width:991.98px){#gspb_heading-id-gsbp-6ac7b53,#gspb_heading-id-gsbp-6ac7b53 .gsap-g-line{text-align:center!important}}#gspb_heading-id-gsbp-6ac7b53{margin-top:0;margin-bottom:10px}@media (max-width:991.98px){.gspb_text-id-gsbp-86d4aaa,.gspb_text-id-gsbp-86d4aaa .gsap-g-line{text-align:center!important}}.gspb_text-id-gsbp-86d4aaa{margin-bottom:30px!important}#gspb_col-id-gsbp-9fe46fe.gspb_row__col--6{width:50%}@media (max-width:575.98px){#gspb_col-id-gsbp-9fe46fe.gspb_row__col--6{width:100%}}@media (max-width:991.98px){#gspb_heading-id-gsbp-14ea269{font-size:30px}}@media (max-width:575.98px){#gspb_heading-id-gsbp-14ea269{font-size:25px}}@media (max-width:991.98px){#gspb_heading-id-gsbp-14ea269,#gspb_heading-id-gsbp-14ea269 .gsap-g-line{text-align:center!important}}#gspb_heading-id-gsbp-14ea269{margin-top:0;margin-bottom:10px}@media (max-width:991.98px){.gspb_text-id-gsbp-2c4bda6,.gspb_text-id-gsbp-2c4bda6 .gsap-g-line{text-align:center!important}}.gspb_text-id-gsbp-2c4bda6{margin-bottom:30px!important}","footnotes":""},"class_list":["post-12","page","type-page","status-publish","hentry"],"blocksy_meta":{"has_hero_section":"disabled","vertical_spacing_source":"custom","content_area_spacing":"none","styles_descriptor":{"styles":{"desktop":"","tablet":"","mobile":""},"google_fonts":[],"version":6}},"_links":{"self":[{"href":"https:\/\/medumedicallc.com.tr\/index.php?rest_route=\/wp\/v2\/pages\/12","targetHints":{"allow":["GET"]}}],"collection":[{"href":"https:\/\/medumedicallc.com.tr\/index.php?rest_route=\/wp\/v2\/pages"}],"about":[{"href":"https:\/\/medumedicallc.com.tr\/index.php?rest_route=\/wp\/v2\/types\/page"}],"author":[{"embeddable":true,"href":"https:\/\/medumedicallc.com.tr\/index.php?rest_route=\/wp\/v2\/users\/2"}],"replies":[{"embeddable":true,"href":"https:\/\/medumedicallc.com.tr\/index.php?rest_route=%2Fwp%2Fv2%2Fcomments&post=12"}],"version-history":[{"count":6,"href":"https:\/\/medumedicallc.com.tr\/index.php?rest_route=\/wp\/v2\/pages\/12\/revisions"}],"predecessor-version":[{"id":687,"href":"https:\/\/medumedicallc.com.tr\/index.php?rest_route=\/wp\/v2\/pages\/12\/revisions\/687"}],"wp:attachment":[{"href":"https:\/\/medumedicallc.com.tr\/index.php?rest_route=%2Fwp%2Fv2%2Fmedia&parent=12"}],"curies":[{"name":"wp","href":"https:\/\/api.w.org\/{rel}","templated":true}]}}